{"id":26,"date":"2016-02-12T08:13:33","date_gmt":"2016-02-12T08:13:33","guid":{"rendered":"http:\/\/demos.famethemes.com\/onepress\/?page_id=26"},"modified":"2026-02-03T19:08:02","modified_gmt":"2026-02-03T18:08:02","slug":"service-title-4","status":"publish","type":"page","link":"https:\/\/orion-etf.com\/fr\/service-title-4\/","title":{"rendered":"Mod\u00e9lisation financi\u00e8re"},"content":{"rendered":"<p dir=\"auto\">Mod\u00e9lisation financi\u00e8re avanc\u00e9e et dynamique (3 \u00e9tats, LBO, analyse de sc\u00e9narios, sensibilit\u00e9) construite avec pr\u00e9cision et clart\u00e9. Nos mod\u00e8les soutiennent la collecte de fonds, les d\u00e9cisions d'investissement, la diligence raisonnable et la planification strat\u00e9gique, en fournissant des informations exploitables aux entrepreneurs, aux investisseurs et aux soci\u00e9t\u00e9s.<\/p>\n\n\n<p><\/p>","protected":false},"excerpt":{"rendered":"<p>Morbi in sem quis dui placerat ornare. Pellentesque odio nisi euismod in pharetra a ultricies.<\/p>","protected":false},"author":2,"featured_media":0,"parent":0,"menu_order":0,"comment_status":"closed","ping_status":"closed","template":"","meta":{"footnotes":""},"class_list":["post-26","page","type-page","status-publish","hentry"],"_links":{"self":[{"href":"https:\/\/orion-etf.com\/fr\/wp-json\/wp\/v2\/pages\/26","targetHints":{"allow":["GET"]}}],"collection":[{"href":"https:\/\/orion-etf.com\/fr\/wp-json\/wp\/v2\/pages"}],"about":[{"href":"https:\/\/orion-etf.com\/fr\/wp-json\/wp\/v2\/types\/page"}],"author":[{"embeddable":true,"href":"https:\/\/orion-etf.com\/fr\/wp-json\/wp\/v2\/users\/2"}],"replies":[{"embeddable":true,"href":"https:\/\/orion-etf.com\/fr\/wp-json\/wp\/v2\/comments?post=26"}],"version-history":[{"count":2,"href":"https:\/\/orion-etf.com\/fr\/wp-json\/wp\/v2\/pages\/26\/revisions"}],"predecessor-version":[{"id":1592,"href":"https:\/\/orion-etf.com\/fr\/wp-json\/wp\/v2\/pages\/26\/revisions\/1592"}],"wp:attachment":[{"href":"https:\/\/orion-etf.com\/fr\/wp-json\/wp\/v2\/media?parent=26"}],"curies":[{"name":"wp","href":"https:\/\/api.w.org\/{rel}","templated":true}]}}