{"id":25,"date":"2016-02-12T08:13:22","date_gmt":"2016-02-12T08:13:22","guid":{"rendered":"http:\/\/demos.famethemes.com\/onepress\/?page_id=25"},"modified":"2026-02-03T19:14:47","modified_gmt":"2026-02-03T18:14:47","slug":"service-title-3","status":"publish","type":"page","link":"https:\/\/orion-etf.com\/fr\/service-title-3\/","title":{"rendered":"Finance d'entreprise et strat\u00e9gies de croissance"},"content":{"rendered":"<p dir=\"auto\">Planification financi\u00e8re strat\u00e9gique pour optimiser la structure du capital, am\u00e9liorer les performances et acc\u00e9l\u00e9rer la croissance durable. De l'allocation du capital et des options de financement \u00e0 l'am\u00e9lioration de la valeur \u00e0 long terme, nous aidons les entreprises \u00e0 lib\u00e9rer tout leur potentiel sur des march\u00e9s comp\u00e9titifs. \u00a0 \u00a0 \u00a0 \u00a0 \u00a0 \u00a0 \u00a0 \u00a0 \u00a0 \u00a0 \u00a0 \u00a0 \u00a0 \u00a0 \u00a0 \u00a0 \u00a0 \u00a0 \u00a0 \u00a0 \u00a0 \u00a0 \u00a0 \u00a0 \u00a0 \u00a0 \u00a0 \u00a0\u00a0<\/p>\n\n\n<p><\/p>","protected":false},"excerpt":{"rendered":"<p>Morbi in sem quis dui placerat ornare. Pellentesque odio nisi euismod in pharetra a ultricies.<\/p>","protected":false},"author":2,"featured_media":0,"parent":0,"menu_order":0,"comment_status":"closed","ping_status":"closed","template":"","meta":{"footnotes":""},"class_list":["post-25","page","type-page","status-publish","hentry"],"_links":{"self":[{"href":"https:\/\/orion-etf.com\/fr\/wp-json\/wp\/v2\/pages\/25","targetHints":{"allow":["GET"]}}],"collection":[{"href":"https:\/\/orion-etf.com\/fr\/wp-json\/wp\/v2\/pages"}],"about":[{"href":"https:\/\/orion-etf.com\/fr\/wp-json\/wp\/v2\/types\/page"}],"author":[{"embeddable":true,"href":"https:\/\/orion-etf.com\/fr\/wp-json\/wp\/v2\/users\/2"}],"replies":[{"embeddable":true,"href":"https:\/\/orion-etf.com\/fr\/wp-json\/wp\/v2\/comments?post=25"}],"version-history":[{"count":1,"href":"https:\/\/orion-etf.com\/fr\/wp-json\/wp\/v2\/pages\/25\/revisions"}],"predecessor-version":[{"id":1567,"href":"https:\/\/orion-etf.com\/fr\/wp-json\/wp\/v2\/pages\/25\/revisions\/1567"}],"wp:attachment":[{"href":"https:\/\/orion-etf.com\/fr\/wp-json\/wp\/v2\/media?parent=25"}],"curies":[{"name":"wp","href":"https:\/\/api.w.org\/{rel}","templated":true}]}}