{"id":22,"date":"2016-02-12T08:11:05","date_gmt":"2016-02-12T08:11:05","guid":{"rendered":"http:\/\/demos.famethemes.com\/onepress\/?page_id=22"},"modified":"2026-02-19T16:20:21","modified_gmt":"2026-02-19T15:20:21","slug":"our-vision","status":"publish","type":"page","link":"https:\/\/orion-etf.com\/fr\/our-vision\/","title":{"rendered":"Notre vision"},"content":{"rendered":"<p>Chez Orion, nous croyons que le meilleur conseil est un conseil personnel. Notre structure l\u00e9g\u00e8re signifie ni juniors, ni interm\u00e9diaires \u2014 uniquement des associ\u00e9s seniors directement engag\u00e9s sur chaque mission, du premier rendez-vous jusqu'au closing. Des honoraires comp\u00e9titifs sont une cons\u00e9quence de notre mod\u00e8le, non un compromis sur la qualit\u00e9.<\/p>\n\n\n\n<p><\/p>","protected":false},"excerpt":{"rendered":"<p>Nullam ut tempor eros. Donec faucibus, velit et imperdiet aliquam, lacus velit luctus urna, vitae porttitor orci libero id felis.<\/p>","protected":false},"author":2,"featured_media":1534,"parent":0,"menu_order":0,"comment_status":"closed","ping_status":"closed","template":"","meta":{"footnotes":""},"class_list":["post-22","page","type-page","status-publish","has-post-thumbnail","hentry"],"_links":{"self":[{"href":"https:\/\/orion-etf.com\/fr\/wp-json\/wp\/v2\/pages\/22","targetHints":{"allow":["GET"]}}],"collection":[{"href":"https:\/\/orion-etf.com\/fr\/wp-json\/wp\/v2\/pages"}],"about":[{"href":"https:\/\/orion-etf.com\/fr\/wp-json\/wp\/v2\/types\/page"}],"author":[{"embeddable":true,"href":"https:\/\/orion-etf.com\/fr\/wp-json\/wp\/v2\/users\/2"}],"replies":[{"embeddable":true,"href":"https:\/\/orion-etf.com\/fr\/wp-json\/wp\/v2\/comments?post=22"}],"version-history":[{"count":3,"href":"https:\/\/orion-etf.com\/fr\/wp-json\/wp\/v2\/pages\/22\/revisions"}],"predecessor-version":[{"id":1640,"href":"https:\/\/orion-etf.com\/fr\/wp-json\/wp\/v2\/pages\/22\/revisions\/1640"}],"wp:featuredmedia":[{"embeddable":true,"href":"https:\/\/orion-etf.com\/fr\/wp-json\/wp\/v2\/media\/1534"}],"wp:attachment":[{"href":"https:\/\/orion-etf.com\/fr\/wp-json\/wp\/v2\/media?parent=22"}],"curies":[{"name":"wp","href":"https:\/\/api.w.org\/{rel}","templated":true}]}}