{"id":1634,"date":"2026-02-18T21:37:11","date_gmt":"2026-02-18T20:37:11","guid":{"rendered":"https:\/\/orion-etf.com\/?page_id=1634"},"modified":"2026-02-18T21:39:54","modified_gmt":"2026-02-18T20:39:54","slug":"aurelie-bencharel","status":"publish","type":"page","link":"https:\/\/orion-etf.com\/fr\/aurelie-bencharel\/","title":{"rendered":"Aur\u00e9lie Bencharel"},"content":{"rendered":"<div class=\"wp-block-columns is-layout-flex wp-container-core-columns-is-layout-9d6595d7 wp-block-columns-is-layout-flex\">\n<div class=\"wp-block-column is-layout-flow wp-block-column-is-layout-flow\"><div class=\"wp-block-image\">\n<figure class=\"aligncenter size-full is-resized\"><img loading=\"lazy\" decoding=\"async\" width=\"694\" height=\"540\" src=\"https:\/\/orion-etf.com\/wp-content\/uploads\/2026\/02\/aurelie.png\" alt=\"Aurelie photo\" class=\"wp-image-1598\" style=\"aspect-ratio:1.2851914135918487;width:346px;height:auto\" srcset=\"https:\/\/orion-etf.com\/wp-content\/uploads\/2026\/02\/aurelie.png 694w, https:\/\/orion-etf.com\/wp-content\/uploads\/2026\/02\/aurelie-300x233.png 300w, https:\/\/orion-etf.com\/wp-content\/uploads\/2026\/02\/aurelie-15x12.png 15w\" sizes=\"auto, (max-width: 694px) 100vw, 694px\" \/><\/figure>\n<\/div><\/div>\n\n\n\n<div class=\"wp-block-column is-layout-flow wp-block-column-is-layout-flow\">\n<p>Aur\u00e9lie a co-fond\u00e9 Orion ETF \u00e0 Monaco en 2022, forte d'un leadership d'entreprise reconnu et d'une double expertise op\u00e9rationnelle et financi\u00e8re.<\/p>\n\n\n\n<p class=\"translation-block\">Issue d'une formation d'ing\u00e9nieure, elle a dirig\u00e9 de grands projets d'investissement industriel (CAPEX) et g\u00e9r\u00e9 des environnements techniques et financiers complexes en tant qu'ancienne Directrice Technique. Co-fondatrice de Greenfuture, elle a par ailleurs accompagn\u00e9 de l'int\u00e9rieur plusieurs cessions d'entreprises entrepreneuriales.<\/p>\n\n\n\n<p>Chez Orion, elle assure le cadrage et la conduite des missions \u2014 de l'analyse des besoins clients \u00e0 la structuration des mandats, en passant par la coordination des \u00e9quipes jusqu'\u00e0 la restitution finale.<\/p>\n\n\n\n<ul class=\"wp-block-social-links has-icon-color is-style-logos-only is-layout-flex wp-block-social-links-is-layout-flex\"><li style=\"color:#000000;\" class=\"wp-social-link wp-social-link-linkedin has-black-color wp-block-social-link\"><a href=\"https:\/\/mc.linkedin.com\/in\/aurelie-bencharel-588b8519\" class=\"wp-block-social-link-anchor\" target=\"_blank\" rel=\"noopener\"><svg width=\"24\" height=\"24\" viewbox=\"0 0 24 24\" version=\"1.1\" xmlns=\"http:\/\/www.w3.org\/2000\/svg\" aria-hidden=\"true\" focusable=\"false\"><path d=\"M19.7,3H4.3C3.582,3,3,3.582,3,4.3v15.4C3,20.418,3.582,21,4.3,21h15.4c0.718,0,1.3-0.582,1.3-1.3V4.3 C21,3.582,20.418,3,19.7,3z M8.339,18.338H5.667v-8.59h2.672V18.338z M7.004,8.574c-0.857,0-1.549-0.694-1.549-1.548 c0-0.855,0.691-1.548,1.549-1.548c0.854,0,1.547,0.694,1.547,1.548C8.551,7.881,7.858,8.574,7.004,8.574z M18.339,18.338h-2.669 v-4.177c0-0.996-0.017-2.278-1.387-2.278c-1.389,0-1.601,1.086-1.601,2.206v4.249h-2.667v-8.59h2.559v1.174h0.037 c0.356-0.675,1.227-1.387,2.526-1.387c2.703,0,3.203,1.779,3.203,4.092V18.338z\"><\/path><\/svg><span class=\"wp-block-social-link-label screen-reader-text\">LinkedIn<\/span><\/a><\/li><\/ul>\n\n\n\n<p><a href=\"https:\/\/orion-etf.com\/fr\/#team\">\u2190 Retour \u00e0 l'\u00e9quipe<\/a><\/p>\n<\/div>\n<\/div>\n\n\n\n<p><\/p>","protected":false},"excerpt":{"rendered":"<p>Aur\u00e9lie co-founded Orion ETF in Monaco in 2022, bringing proven corporate leadership and deep operational-financial expertise. With an engineering background, she has led major CAPEX initiatives and navigated complex technical &#8230;<\/p>","protected":false},"author":1,"featured_media":0,"parent":0,"menu_order":0,"comment_status":"closed","ping_status":"closed","template":"template-fullwidth.php","meta":{"footnotes":""},"class_list":["post-1634","page","type-page","status-publish","hentry"],"_links":{"self":[{"href":"https:\/\/orion-etf.com\/fr\/wp-json\/wp\/v2\/pages\/1634","targetHints":{"allow":["GET"]}}],"collection":[{"href":"https:\/\/orion-etf.com\/fr\/wp-json\/wp\/v2\/pages"}],"about":[{"href":"https:\/\/orion-etf.com\/fr\/wp-json\/wp\/v2\/types\/page"}],"author":[{"embeddable":true,"href":"https:\/\/orion-etf.com\/fr\/wp-json\/wp\/v2\/users\/1"}],"replies":[{"embeddable":true,"href":"https:\/\/orion-etf.com\/fr\/wp-json\/wp\/v2\/comments?post=1634"}],"version-history":[{"count":2,"href":"https:\/\/orion-etf.com\/fr\/wp-json\/wp\/v2\/pages\/1634\/revisions"}],"predecessor-version":[{"id":1636,"href":"https:\/\/orion-etf.com\/fr\/wp-json\/wp\/v2\/pages\/1634\/revisions\/1636"}],"wp:attachment":[{"href":"https:\/\/orion-etf.com\/fr\/wp-json\/wp\/v2\/media?parent=1634"}],"curies":[{"name":"wp","href":"https:\/\/api.w.org\/{rel}","templated":true}]}}