{"id":1621,"date":"2026-02-18T19:47:05","date_gmt":"2026-02-18T18:47:05","guid":{"rendered":"https:\/\/orion-etf.com\/?page_id=1621"},"modified":"2026-02-18T21:27:00","modified_gmt":"2026-02-18T20:27:00","slug":"laurent-laporte-cfa","status":"publish","type":"page","link":"https:\/\/orion-etf.com\/fr\/laurent-laporte-cfa\/","title":{"rendered":"Laurent Laporte, CFA"},"content":{"rendered":"<div class=\"wp-block-columns is-layout-flex wp-container-core-columns-is-layout-9d6595d7 wp-block-columns-is-layout-flex\">\n<div class=\"wp-block-column is-vertically-aligned-top is-layout-flow wp-block-column-is-layout-flow\"><div class=\"wp-block-image is-style-default\">\n<figure class=\"aligncenter size-full is-resized\"><img loading=\"lazy\" decoding=\"async\" width=\"758\" height=\"827\" src=\"https:\/\/orion-etf.com\/wp-content\/uploads\/2026\/02\/Portrait-Laurent_fond-blanc.png\" alt=\"Laurent photo\" class=\"wp-image-1601\" style=\"aspect-ratio:0.916577157178661;width:210px;height:auto\" srcset=\"https:\/\/orion-etf.com\/wp-content\/uploads\/2026\/02\/Portrait-Laurent_fond-blanc.png 758w, https:\/\/orion-etf.com\/wp-content\/uploads\/2026\/02\/Portrait-Laurent_fond-blanc-275x300.png 275w, https:\/\/orion-etf.com\/wp-content\/uploads\/2026\/02\/Portrait-Laurent_fond-blanc-11x12.png 11w\" sizes=\"auto, (max-width: 758px) 100vw, 758px\" \/><\/figure>\n<\/div><\/div>\n\n\n\n<div class=\"wp-block-column is-layout-flow wp-block-column-is-layout-flow\">\n<p class=\"translation-block\">Laurent a fond\u00e9 Orion ETF \u00e0 Monaco en 2022, en apportant plus de 10 ans d'expertise individuelle en private equity et conseil en fusions-acquisitions.<\/p>\n\n\n\n<p class=\"translation-block\">Ing\u00e9nieur de formation, docteur et titulaire du CFA (Chartered Financial Analyst), il conjugue rigueur analytique et exp\u00e9rience terrain des op\u00e9rations financi\u00e8res complexes.<\/p>\n\n\n\n<p>Ancr\u00e9 dans le secteur de l'\u00e9nergie d\u00e8s ses d\u00e9buts, notamment au travers d'une association avec Green Cape Partners, boutique M&amp;A parisienne de r\u00e9f\u00e9rence, il accompagne avec discr\u00e9tion entrepreneurs, family offices et investisseurs institutionnels dans leurs probl\u00e9matiques de valorisation, de transactions et de croissance.<\/p>\n\n\n\n<ul class=\"wp-block-social-links has-icon-color is-style-logos-only is-layout-flex wp-block-social-links-is-layout-flex\"><li style=\"color:#000000;\" class=\"wp-social-link wp-social-link-linkedin has-black-color wp-block-social-link\"><a href=\"https:\/\/mc.linkedin.com\/in\/laportelaurent\" class=\"wp-block-social-link-anchor\" target=\"_blank\" rel=\"noopener\"><svg width=\"24\" height=\"24\" viewbox=\"0 0 24 24\" version=\"1.1\" xmlns=\"http:\/\/www.w3.org\/2000\/svg\" aria-hidden=\"true\" focusable=\"false\"><path d=\"M19.7,3H4.3C3.582,3,3,3.582,3,4.3v15.4C3,20.418,3.582,21,4.3,21h15.4c0.718,0,1.3-0.582,1.3-1.3V4.3 C21,3.582,20.418,3,19.7,3z M8.339,18.338H5.667v-8.59h2.672V18.338z M7.004,8.574c-0.857,0-1.549-0.694-1.549-1.548 c0-0.855,0.691-1.548,1.549-1.548c0.854,0,1.547,0.694,1.547,1.548C8.551,7.881,7.858,8.574,7.004,8.574z M18.339,18.338h-2.669 v-4.177c0-0.996-0.017-2.278-1.387-2.278c-1.389,0-1.601,1.086-1.601,2.206v4.249h-2.667v-8.59h2.559v1.174h0.037 c0.356-0.675,1.227-1.387,2.526-1.387c2.703,0,3.203,1.779,3.203,4.092V18.338z\"><\/path><\/svg><span class=\"wp-block-social-link-label screen-reader-text\">LinkedIn<\/span><\/a><\/li><\/ul>\n\n\n\n<p><a href=\"https:\/\/orion-etf.com\/fr\/#team\">\u2190 Retour \u00e0 l'\u00e9quipe<\/a><\/p>\n<\/div>\n<\/div>\n\n\n\n<p><\/p>","protected":false},"excerpt":{"rendered":"<p>Laurent founded Orion ETF in Monaco in 2022, bringing 10+ years of individual private equity and M&amp;A expertise. Holding an engineering degree, a doctorate, and the CFA (Chartered Financial Analyst) &#8230;<\/p>","protected":false},"author":1,"featured_media":0,"parent":0,"menu_order":0,"comment_status":"closed","ping_status":"closed","template":"template-fullwidth.php","meta":{"footnotes":""},"class_list":["post-1621","page","type-page","status-publish","hentry"],"_links":{"self":[{"href":"https:\/\/orion-etf.com\/fr\/wp-json\/wp\/v2\/pages\/1621","targetHints":{"allow":["GET"]}}],"collection":[{"href":"https:\/\/orion-etf.com\/fr\/wp-json\/wp\/v2\/pages"}],"about":[{"href":"https:\/\/orion-etf.com\/fr\/wp-json\/wp\/v2\/types\/page"}],"author":[{"embeddable":true,"href":"https:\/\/orion-etf.com\/fr\/wp-json\/wp\/v2\/users\/1"}],"replies":[{"embeddable":true,"href":"https:\/\/orion-etf.com\/fr\/wp-json\/wp\/v2\/comments?post=1621"}],"version-history":[{"count":7,"href":"https:\/\/orion-etf.com\/fr\/wp-json\/wp\/v2\/pages\/1621\/revisions"}],"predecessor-version":[{"id":1633,"href":"https:\/\/orion-etf.com\/fr\/wp-json\/wp\/v2\/pages\/1621\/revisions\/1633"}],"wp:attachment":[{"href":"https:\/\/orion-etf.com\/fr\/wp-json\/wp\/v2\/media?parent=1621"}],"curies":[{"name":"wp","href":"https:\/\/api.w.org\/{rel}","templated":true}]}}