{"id":1369,"date":"2016-02-12T08:09:36","date_gmt":"2016-02-12T08:09:36","guid":{"rendered":"http:\/\/demos.famethemes.com\/onepress\/?page_id=17"},"modified":"2026-02-03T19:12:10","modified_gmt":"2026-02-03T18:12:10","slug":"our-history","status":"publish","type":"page","link":"https:\/\/orion-etf.com\/fr\/our-history\/","title":{"rendered":"Notre histoire"},"content":{"rendered":"<p dir=\"auto\">Fond\u00e9e \u00e0 Monaco en 2022, Orion ETF s'appuie sur une longue exp\u00e9rience en mati\u00e8re de capital-investissement, initialement d\u00e9velopp\u00e9e dans le secteur de l'\u00e9nergie gr\u00e2ce \u00e0 une \u00e9troite collaboration avec Green Cape Partners, une boutique de fusions-acquisitions r\u00e9put\u00e9e bas\u00e9e \u00e0 Paris.<\/p>\n<p dir=\"auto\">S'appuyant sur cette solide expertise, Orion accompagne aujourd'hui les entreprises et les investisseurs du monde entier dans toutes leurs activit\u00e9s financi\u00e8res avec discr\u00e9tion, pr\u00e9cision et des solutions sur mesure depuis la Principaut\u00e9.<\/p>\n\n\n<p><\/p>","protected":false},"excerpt":{"rendered":"<p>ond\u00e9e \u00e0 Monaco en 2022, Orion s'appuie sur une longue exp\u00e9rience en mati\u00e8re de capital-investissement, initialement d\u00e9velopp\u00e9e dans le secteur de l'\u00e9nergie gr\u00e2ce \u00e0 une \u00e9troite collaboration avec Green Cape Partners, une boutique de fusions et d'acquisitions r\u00e9put\u00e9e bas\u00e9e \u00e0 Paris.<br \/>\nS'appuyant sur cette solide expertise, Orion accompagne aujourd'hui les entreprises et les investisseurs du monde entier dans toutes leurs activit\u00e9s financi\u00e8res avec discr\u00e9tion, pr\u00e9cision et des solutions sur mesure depuis la Principaut\u00e9.<br \/>\nNous soutenons les soci\u00e9t\u00e9s, les entrepreneurs et les investisseurs institutionnels en leur proposant des strat\u00e9gies sur mesure en mati\u00e8re de collecte de fonds, de due diligence, de mod\u00e9lisation financi\u00e8re, de structuration des transactions et de conseil en fusions et acquisitions. Ancr\u00e9e dans l'environnement unique de la Principaut\u00e9, notre approche garantit la discr\u00e9tion, la pr\u00e9cision et l'alignement sur les objectifs sophistiqu\u00e9s des clients, que ce soit \u00e0 Monaco ou au-del\u00e0 des fronti\u00e8res.<\/p>","protected":false},"author":2,"featured_media":1532,"parent":0,"menu_order":0,"comment_status":"closed","ping_status":"closed","template":"","meta":{"footnotes":""},"class_list":["post-1369","page","type-page","status-publish","has-post-thumbnail","hentry"],"_links":{"self":[{"href":"https:\/\/orion-etf.com\/fr\/wp-json\/wp\/v2\/pages\/1369","targetHints":{"allow":["GET"]}}],"collection":[{"href":"https:\/\/orion-etf.com\/fr\/wp-json\/wp\/v2\/pages"}],"about":[{"href":"https:\/\/orion-etf.com\/fr\/wp-json\/wp\/v2\/types\/page"}],"author":[{"embeddable":true,"href":"https:\/\/orion-etf.com\/fr\/wp-json\/wp\/v2\/users\/2"}],"replies":[{"embeddable":true,"href":"https:\/\/orion-etf.com\/fr\/wp-json\/wp\/v2\/comments?post=1369"}],"version-history":[{"count":2,"href":"https:\/\/orion-etf.com\/fr\/wp-json\/wp\/v2\/pages\/1369\/revisions"}],"predecessor-version":[{"id":1588,"href":"https:\/\/orion-etf.com\/fr\/wp-json\/wp\/v2\/pages\/1369\/revisions\/1588"}],"wp:featuredmedia":[{"embeddable":true,"href":"https:\/\/orion-etf.com\/fr\/wp-json\/wp\/v2\/media\/1532"}],"wp:attachment":[{"href":"https:\/\/orion-etf.com\/fr\/wp-json\/wp\/v2\/media?parent=1369"}],"curies":[{"name":"wp","href":"https:\/\/api.w.org\/{rel}","templated":true}]}}